{"id":1492,"date":"2024-01-29T16:32:15","date_gmt":"2024-01-29T15:32:15","guid":{"rendered":"https:\/\/www.lamaisongueth.eu\/?page_id=1492"},"modified":"2024-01-29T16:32:15","modified_gmt":"2024-01-29T15:32:15","slug":"soutenez-la-maison-guth-3","status":"publish","type":"page","link":"https:\/\/www.lamaisongueth.eu\/de\/soutenez-la-maison-guth-3\/","title":{"rendered":"Spende Sir f\u00fcr La Maison G\u00fcth"},"content":{"rendered":"<p><a href=\"https:\/\/www.payasso.fr\/la-maison-guth\/beitrag-spende\"> Wenn Sie diesem Link folgen<\/a>, k\u00f6nnen Sie \u00fcber die sichere Website PayAsso.fr Ihre Beitr\u00e4ge bezahlen und auch eine Spende f\u00fcr La Maison G\u00fcth t\u00e4tigen \u2013 keine Sorge :-)<\/p>","protected":false},"excerpt":{"rendered":"<p>Wenn Sie diesem Link folgen, k\u00f6nnen Sie \u00fcber die sichere Website PayAsso.fr Ihre Beitr\u00e4ge bezahlen und auch eine Spende f\u00fcr La Maison G\u00fcth t\u00e4tigen \u2013 keine Sorge \ud83d\ude42<\/p>\n","protected":false},"author":1,"featured_media":0,"parent":0,"menu_order":0,"comment_status":"closed","ping_status":"closed","template":"","meta":{"footnotes":""},"class_list":["post-1492","page","type-page","status-publish","hentry"],"_links":{"self":[{"href":"https:\/\/www.lamaisongueth.eu\/de\/wp-json\/wp\/v2\/pages\/1492","targetHints":{"allow":["GET"]}}],"collection":[{"href":"https:\/\/www.lamaisongueth.eu\/de\/wp-json\/wp\/v2\/pages"}],"about":[{"href":"https:\/\/www.lamaisongueth.eu\/de\/wp-json\/wp\/v2\/types\/page"}],"author":[{"embeddable":true,"href":"https:\/\/www.lamaisongueth.eu\/de\/wp-json\/wp\/v2\/users\/1"}],"replies":[{"embeddable":true,"href":"https:\/\/www.lamaisongueth.eu\/de\/wp-json\/wp\/v2\/comments?post=1492"}],"version-history":[{"count":5,"href":"https:\/\/www.lamaisongueth.eu\/de\/wp-json\/wp\/v2\/pages\/1492\/revisions"}],"predecessor-version":[{"id":1509,"href":"https:\/\/www.lamaisongueth.eu\/de\/wp-json\/wp\/v2\/pages\/1492\/revisions\/1509"}],"wp:attachment":[{"href":"https:\/\/www.lamaisongueth.eu\/de\/wp-json\/wp\/v2\/media?parent=1492"}],"curies":[{"name":"wp","href":"https:\/\/api.w.org\/{rel}","templated":true}]}}