{"id":956,"date":"2020-05-26T08:34:55","date_gmt":"2020-05-26T07:34:55","guid":{"rendered":"https:\/\/www.lamaisongueth.eu\/wordpress\/?page_id=956"},"modified":"2020-08-18T09:13:35","modified_gmt":"2020-08-18T08:13:35","slug":"covid-19","status":"publish","type":"page","link":"https:\/\/www.lamaisongueth.eu\/de\/intentions\/covid-19\/","title":{"rendered":"Covid-19"},"content":{"rendered":"<p>Joachim G\u00fcth est leider verstorben. Er ist jetzt mit seiner Frau Gisela im ewigen Garten der Dichter und Idealisten.<br \/>\nEr liebte, was sch\u00f6n und gerecht ist ; Er entschied sich, am Samstag, den 30., an einem sonnigen Morgen im sch\u00f6nen Monat Mai abzureisen.<br \/>\nJovi, in deinem Garten wird der Flieder immer bl\u00fchen und in den sch\u00f6nen Tage werden wir noch mahl singen.<a href=\"https:\/\/www.lamaisongueth.eu\/wordpress\/wp-content\/uploads\/2020\/06\/JOVI002-e1591274336945.jpg\"><img loading=\"lazy\" decoding=\"async\" class=\"alignnone wp-image-965 size-full\" src=\"https:\/\/www.lamaisongueth.eu\/wordpress\/wp-content\/uploads\/2020\/06\/JOVI002-e1591274336945.jpg\" alt=\"\" width=\"1200\" height=\"800\" \/><\/a><\/p>","protected":false},"excerpt":{"rendered":"<p>Joachim G\u00fcth est leider verstorben. Er ist jetzt mit seiner Frau Gisela im ewigen Garten der Dichter und Idealisten. Er liebte, was sch\u00f6n und gerecht ist ; Er entschied sich, am Samstag, den 30., an einem sonnigen Morgen im sch\u00f6nen Monat Mai abzureisen. Jovi, in deinem Garten wird der Flieder immer bl\u00fchen und in den<span class=\"more-link\">Continue reading<\/span><\/p>\n","protected":false},"author":1,"featured_media":957,"parent":2,"menu_order":0,"comment_status":"closed","ping_status":"closed","template":"","meta":{"footnotes":""},"class_list":["post-956","page","type-page","status-publish","has-post-thumbnail","hentry"],"_links":{"self":[{"href":"https:\/\/www.lamaisongueth.eu\/de\/wp-json\/wp\/v2\/pages\/956","targetHints":{"allow":["GET"]}}],"collection":[{"href":"https:\/\/www.lamaisongueth.eu\/de\/wp-json\/wp\/v2\/pages"}],"about":[{"href":"https:\/\/www.lamaisongueth.eu\/de\/wp-json\/wp\/v2\/types\/page"}],"author":[{"embeddable":true,"href":"https:\/\/www.lamaisongueth.eu\/de\/wp-json\/wp\/v2\/users\/1"}],"replies":[{"embeddable":true,"href":"https:\/\/www.lamaisongueth.eu\/de\/wp-json\/wp\/v2\/comments?post=956"}],"version-history":[{"count":6,"href":"https:\/\/www.lamaisongueth.eu\/de\/wp-json\/wp\/v2\/pages\/956\/revisions"}],"predecessor-version":[{"id":971,"href":"https:\/\/www.lamaisongueth.eu\/de\/wp-json\/wp\/v2\/pages\/956\/revisions\/971"}],"up":[{"embeddable":true,"href":"https:\/\/www.lamaisongueth.eu\/de\/wp-json\/wp\/v2\/pages\/2"}],"wp:featuredmedia":[{"embeddable":true,"href":"https:\/\/www.lamaisongueth.eu\/de\/wp-json\/wp\/v2\/media\/957"}],"wp:attachment":[{"href":"https:\/\/www.lamaisongueth.eu\/de\/wp-json\/wp\/v2\/media?parent=956"}],"curies":[{"name":"wp","href":"https:\/\/api.w.org\/{rel}","templated":true}]}}