{"id":2,"date":"2015-02-19T04:39:32","date_gmt":"2015-02-19T03:39:32","guid":{"rendered":"http:\/\/www.lamaisongueth.eu\/wordpress\/?page_id=2"},"modified":"2015-03-30T10:36:34","modified_gmt":"2015-03-30T09:36:34","slug":"intentions","status":"publish","type":"page","link":"https:\/\/www.lamaisongueth.eu\/fr\/intentions\/","title":{"rendered":"Intentions"},"content":{"rendered":"<p><\/p>\n<h2><span style=\"color: #999999;\">Le village<\/span><\/h2>\n<p>Le village de Hoste se situe en Moselle, dans la r\u00e9gion des lacs, et compte quelques maisons anciennes (fin XVII\u00e8me) typiques de cette r\u00e9gion, \u00e0 pans de bois \u00e0 l\u2019\u00e9tage et en pierre enduite au rez de chauss\u00e9e, align\u00e9es \u00e0 l\u2019arri\u00e8re d\u2019un usoir cons\u00e9quent. Il adopte la structure de village-rue lorrain.<\/p>\n<h2><span style=\"color: #999999;\">La maison G\u00fcth<\/span><\/h2>\n<p>Acquise par les \u00e9poux G\u00fcth dans les ann\u00e9es 1970, c\u2019est une maison traditionnelle de la r\u00e9gion, avec grange, \u00e9table et pi\u00e8ces de vie. Sa construction date de 1690.<\/p>\n<p>Au rez de chauss\u00e9e, le couloir traverse la maison de part en part, donne acc\u00e8s \u00e0 la cuisine et \u00e0 la grange. La cuisine est \u00e9clair\u00e9e par une flamande qui sert aussi de chemin\u00e9e.\u00a0A l\u2019\u00e9tage, l\u2019on trouve deux chambres et un palier.<\/p>\n<p>La grange abrite un grand nombre d\u2019outils anciens. Aussi, on y d\u00e9couvre un moulin \u00e0 cheval.<\/p>\n<p>L\u2019usoir comporte un puits et un chemin d\u2019acc\u00e8s en pierre calcaires anciennes. Ayant perdu sa fonction agricole, l\u2019usoir est d\u00e9cor\u00e9 de plantes vivaces locale<\/p>\n<figure id=\"attachment_8\" aria-describedby=\"caption-attachment-8\" style=\"width: 660px\" class=\"wp-caption alignnone\"><a href=\"http:\/\/www.lamaisongueth.eu\/wordpress\/wp-content\/uploads\/2015\/03\/088811_LMG.jpg\"><img loading=\"lazy\" decoding=\"async\" class=\"size-large wp-image-8\" src=\"http:\/\/www.lamaisongueth.eu\/wordpress\/wp-content\/uploads\/2015\/03\/088811_LMG-1024x710.jpg\" alt=\"La maison G\u00fcth\" width=\"660\" height=\"458\" srcset=\"https:\/\/www.lamaisongueth.eu\/wordpress\/wp-content\/uploads\/2015\/03\/088811_LMG-1024x710.jpg 1024w, https:\/\/www.lamaisongueth.eu\/wordpress\/wp-content\/uploads\/2015\/03\/088811_LMG-300x208.jpg 300w, https:\/\/www.lamaisongueth.eu\/wordpress\/wp-content\/uploads\/2015\/03\/088811_LMG.jpg 1375w\" sizes=\"auto, (max-width: 660px) 100vw, 660px\" \/><\/a><figcaption id=\"caption-attachment-8\" class=\"wp-caption-text\">La maison G\u00fcth \u00e0 Hoste<\/figcaption><\/figure>\n<h2><span style=\"color: #999999;\">L\u2019environnement<\/span><\/h2>\n<p>La rue Saint Jean comporte plusieurs maisons anciennes, dont la maison mitoyenne \u00e0 l\u2019Ouest, en cours de restauration. Un puits \u00e0 balancier se trouve \u00e0 l\u2019angle de la rue. \u00e0 l\u2019arri\u00e8re de la maison, on trouve successivement un jardin, un arboretum ouvert au public, et le ruisseau de Valette. Sur l\u2019autre rive de ce ruisseau, on trouve deux autres maisons \u00e0 pans de bois, rue du petit pont, restaur\u00e9es dans les ann\u00e9es 1990 et un calvaire restaur\u00e9 en 2012. La propri\u00e9t\u00e9 comprend \u00e9galement plus de 3 hectares de prairies en fond du vallon, ainsi qu\u2019une partie de l\u2019aulnaie adjacente, dont l\u2019autre propri\u00e9taire est la commune de Hoste.<\/p>\n<h1><span style=\"color: #999999;\">Le projet\u00a0: conserver<\/span><\/h1>\n<p>Le principal fondateur, Jovi G\u00fcth, a souhait\u00e9 donner,\u00a0de son vivant, cet ensemble patrimonial \u00e0 une nouvelle association,\u00a0afin de le conserver, de maintenir l\u2019ensemble en bon \u00e9tat, et\u00a0de\u00a0g\u00e9rer l\u2019espace agricole dans le respect du paysage.<\/p>\n<h2><span style=\"color: #999999;\">Le projet\u00a0: Valoriser<\/span><\/h2>\n<p>Le but poursuivi par la l&rsquo;association\u00a0est culturel et environnemental.<\/p>\n<ul>\n<li>Am\u00e9nagement d\u2019un espace mus\u00e9al dans la maison et la grange\u00a0: mobilier, d\u00e9coration, outils.\u00a0Le\u00a0lieu sera ouvert\u00a0\u00e0 la visite lors des journ\u00e9es du patrimoine, et de certains autres week-ends.<\/li>\n<li>Accueil de cr\u00e9ateurs lors de manifestations et expositions temporaires.<\/li>\n<li>Jardin des simples et am\u00e9nagement de l\u2019usoir.<\/li>\n<li>Arboretum : les \u00e9poux G\u00fcth ont plant\u00e9 au d\u00e9but de leur installation \u00e0 Hoste une belle quantit\u00e9 d&rsquo;arbres de diverses esp\u00e8ces. Cet arboretum est ouvert \u00e0 la visite toute l&rsquo;ann\u00e9e.<\/li>\n<\/ul>\n<h2><span style=\"color: #999999;\">Le projet\u00a0: Promouvoir<\/span><\/h2>\n<p>L&rsquo;association a pour mission de promouvoir ce lieu. L\u2019<a href=\"http:\/\/www.tourismepaysdefreyming-merlebach.fr\/\" target=\"_blank\">office de tourisme<\/a> communautaire de Hombourg-Haut est un partenaire privil\u00e9gi\u00e9\u00a0de\u00a0communication. Nous\u00a0cherchons \u00e0 d\u00e9velopper des partenariats avec\u00a0les r\u00e9seaux culturels locaux.<\/p>","protected":false},"excerpt":{"rendered":"<p>Le village Le village de Hoste se situe en Moselle, dans la r\u00e9gion des lacs, et compte quelques maisons anciennes (fin XVII\u00e8me) typiques de cette r\u00e9gion, \u00e0 pans de bois \u00e0 l\u2019\u00e9tage et en pierre enduite au rez de chauss\u00e9e, align\u00e9es \u00e0 l\u2019arri\u00e8re d\u2019un usoir cons\u00e9quent. Il adopte la structure de village-rue lorrain. La maison<span class=\"more-link\">Continue reading<\/span><\/p>\n","protected":false},"author":1,"featured_media":0,"parent":0,"menu_order":0,"comment_status":"closed","ping_status":"closed","template":"","meta":{"footnotes":""},"class_list":["post-2","page","type-page","status-publish","hentry"],"_links":{"self":[{"href":"https:\/\/www.lamaisongueth.eu\/fr\/wp-json\/wp\/v2\/pages\/2","targetHints":{"allow":["GET"]}}],"collection":[{"href":"https:\/\/www.lamaisongueth.eu\/fr\/wp-json\/wp\/v2\/pages"}],"about":[{"href":"https:\/\/www.lamaisongueth.eu\/fr\/wp-json\/wp\/v2\/types\/page"}],"author":[{"embeddable":true,"href":"https:\/\/www.lamaisongueth.eu\/fr\/wp-json\/wp\/v2\/users\/1"}],"replies":[{"embeddable":true,"href":"https:\/\/www.lamaisongueth.eu\/fr\/wp-json\/wp\/v2\/comments?post=2"}],"version-history":[{"count":10,"href":"https:\/\/www.lamaisongueth.eu\/fr\/wp-json\/wp\/v2\/pages\/2\/revisions"}],"predecessor-version":[{"id":460,"href":"https:\/\/www.lamaisongueth.eu\/fr\/wp-json\/wp\/v2\/pages\/2\/revisions\/460"}],"wp:attachment":[{"href":"https:\/\/www.lamaisongueth.eu\/fr\/wp-json\/wp\/v2\/media?parent=2"}],"curies":[{"name":"wp","href":"https:\/\/api.w.org\/{rel}","templated":true}]}}