{"id":67,"date":"2015-03-27T17:39:40","date_gmt":"2015-03-27T16:39:40","guid":{"rendered":"http:\/\/lamaisongueth.eu\/?page_id=67"},"modified":"2015-09-01T11:14:23","modified_gmt":"2015-09-01T10:14:23","slug":"mentions-legales","status":"publish","type":"page","link":"https:\/\/www.lamaisongueth.eu\/fr\/mentions-legales\/","title":{"rendered":"Mentions l\u00e9gales"},"content":{"rendered":"<p>Le site lamaisongueth.eu est \u00e9dit\u00e9 par l\u2019association LA MAISON G\u00dcTH, association inscrite au registre des Associations du tribunal de SAINT AVOLD sous les r\u00e9f\u00e9rences : Volume 48, Folio n\u00b0 72. Son si\u00e8ge social est situ\u00e9 \u00e0 l\u2019adresse suivante : 12 rue Saint Jean 57510 HOSTE<br \/>\nResponsable de la publication : M. Sylvain Starck<\/p>\n<p>H\u00e9bergeur : IKOULA<br \/>\nRCS Nanterre B 417 680 618<br \/>\n175-177 rue d&rsquo;Aguesseau<br \/>\n92100 Boulogne Billancourt, France<br \/>\nT\u00e9l\u00e9phone : +33 (0) 1 84 01 02 50<\/p>\n<h3>Droits de propri\u00e9t\u00e9 du site<\/h3>\n<p>Les informations diffus\u00e9es sur le site lamaisongueth.eu sont la propri\u00e9t\u00e9 de l\u2019association LA MAISON G\u00dcTH. La diffusion int\u00e9grale ou partielle de contenu (articles, pages\u2026), sans accord de LA MAISON G\u00dcTH, est interdite. La modification ou l\u2019alt\u00e9ration de ces informations est \u00e9galement interdite. Malgr\u00e9 toute la rigueur apport\u00e9e au contenu du site l&rsquo;association LA MAISON G\u00dcTH ne peut \u00eatre tenue responsable des informations publi\u00e9es. D\u2019une mani\u00e8re g\u00e9n\u00e9rale, l\u2019association LA MAISON G\u00dcTH ne saurait garantir la qualit\u00e9 et la compatibilit\u00e9 du site \u00e0 un usage sp\u00e9cifique, ni que le site soit exhaustif ou d\u00e9pourvu de toute erreur. Toute utilisation d\u2019information doit faire l\u2019objet d\u2019une demande d\u2019autorisation aupr\u00e8s de LA MAISON G\u00dcTH (info (at) lamaisongueth (dot) eu). Celle-ci sera accord\u00e9e si sa finalit\u00e9 est conforme \u00e0 l\u2019engagement de l\u2019association. La mise en place de liens hypertextes vers des pages ou des documents diffus\u00e9s sur le site lamaisongueth.eu est autoris\u00e9e si les liens garantissent la possibilit\u00e9 d\u2019identifier l\u2019origine du document. Les utilisateurs sont responsables de l\u2019usage qu\u2019ils en font, conform\u00e9ment aux r\u00e9glementations en vigueur (loi n\u00b078-17 du 6 janvier 1978, relative \u00e0 l\u2019informatique, aux fichiers et aux libert\u00e9s, dite \u00ab Loi Informatique et Libert\u00e9 \u00bb).<\/p>\n<h3>Loi informatique et Libert\u00e9s<\/h3>\n<p>La d\u00e9lib\u00e9ration n\u00b02006-130 du 09\/05\/2006 dispense les associations \u00e0 but non lucratif r\u00e9gies par la loi du 1er juillet 1901 de d\u00e9claration des traitements relatifs \u00e0 la gestion des membres et donateurs. Le traitement de donn\u00e9es personnelles ne fait donc pas l\u2019objet d\u2019une d\u00e9claration aupr\u00e8s de la Commission Nationale de l\u2019Informatique et des Libert\u00e9s (CNIL). La dispense pr\u00e9voit que seules peuvent \u00eatre enregistr\u00e9es les donn\u00e9es relatives \u00e0 l\u2019identit\u00e9, l\u2019identit\u00e9 bancaire, vie associative \u00e0 l\u2019exception des donn\u00e9es sensibles telles que les origines raciales ou ethniques, les opinions politiques, philosophiques ou religieuses, l\u2019appartenance syndicale, l\u2019\u00e9tat de sant\u00e9 ou la vie sexuelle des personnes, les infractions, condamnations ou mesure de justice. Ces donn\u00e9es ne peuvent \u00eatre conserv\u00e9es au del\u00e0 de la d\u00e9mission ou de la radiation du membre (sauf s\u2019il fait la demande contraire) et pour les donateurs au-del\u00e0 de deux sollicitations rest\u00e9es infructueuses.<br \/>\nToutes les personnes dont le nom ou une photo apparaissent sur le site ont le droit de rectification de l&rsquo;information qui leur para\u00eet erronn\u00e9e.<\/p>\n<h3>Espaces de discussion<\/h3>\n<p>Les commentaires publi\u00e9s sur le site sont mod\u00e9r\u00e9s par les responsables de la publication. Les internautes peuvent faire retirer leurs contributions sur simple demande.<\/p>\n<p>LA MAISON G\u00dcTH s\u2019engage \u00e0 pr\u00e9server la confidentialit\u00e9 des informations \u00e9ventuellement fournies en ligne par l\u2019internaute qui ne seront pas utilis\u00e9es par d\u2019autres entit\u00e9s que l\u2019association LA MAISON G\u00dcTH. Conform\u00e9ment \u00e0 la loi \u00ab Informatique et Libert\u00e9s \u00bb n\u00b078-17 du 6 janvier 1978, l\u2019utilisateur dispose d\u2019un droit d\u2019acc\u00e8s, de modification, de rectification et de suppression des donn\u00e9es \u00e9ventuelles qui le concernent. Il suffit d\u2019en faire la demande par courrier simple \u00e0 LA MAISON G\u00dcTH, 12 rue Saint Jean, 57510 Hoste, France.<\/p>\n","protected":false},"excerpt":{"rendered":"<p>Le site lamaisongueth.eu est \u00e9dit\u00e9 par l\u2019association LA MAISON G\u00dcTH, association inscrite au registre des Associations du tribunal de SAINT AVOLD sous les r\u00e9f\u00e9rences : Volume 48, Folio n\u00b0 72. Son si\u00e8ge social est situ\u00e9 \u00e0 l\u2019adresse suivante : 12 rue Saint Jean 57510 HOSTE Responsable de la publication : M. Sylvain Starck H\u00e9bergeur :<span class=\"more-link\">Continue reading<\/span><\/p>\n","protected":false},"author":1,"featured_media":0,"parent":0,"menu_order":0,"comment_status":"closed","ping_status":"closed","template":"","meta":{"footnotes":""},"class_list":["post-67","page","type-page","status-publish","hentry"],"_links":{"self":[{"href":"https:\/\/www.lamaisongueth.eu\/fr\/wp-json\/wp\/v2\/pages\/67","targetHints":{"allow":["GET"]}}],"collection":[{"href":"https:\/\/www.lamaisongueth.eu\/fr\/wp-json\/wp\/v2\/pages"}],"about":[{"href":"https:\/\/www.lamaisongueth.eu\/fr\/wp-json\/wp\/v2\/types\/page"}],"author":[{"embeddable":true,"href":"https:\/\/www.lamaisongueth.eu\/fr\/wp-json\/wp\/v2\/users\/1"}],"replies":[{"embeddable":true,"href":"https:\/\/www.lamaisongueth.eu\/fr\/wp-json\/wp\/v2\/comments?post=67"}],"version-history":[{"count":2,"href":"https:\/\/www.lamaisongueth.eu\/fr\/wp-json\/wp\/v2\/pages\/67\/revisions"}],"predecessor-version":[{"id":69,"href":"https:\/\/www.lamaisongueth.eu\/fr\/wp-json\/wp\/v2\/pages\/67\/revisions\/69"}],"wp:attachment":[{"href":"https:\/\/www.lamaisongueth.eu\/fr\/wp-json\/wp\/v2\/media?parent=67"}],"curies":[{"name":"wp","href":"https:\/\/api.w.org\/{rel}","templated":true}]}}